{"id":330,"date":"2021-04-23T13:39:15","date_gmt":"2021-04-23T11:39:15","guid":{"rendered":"http:\/\/olja.4net.rs\/wordpress\/?page_id=330"},"modified":"2021-09-15T11:27:48","modified_gmt":"2021-09-15T09:27:48","slug":"moda-i-stil-kroz-istoriju-2","status":"publish","type":"page","link":"https:\/\/istorijaitakoto.com\/wordpress\/index.php\/moda-i-stil-kroz-istoriju-2\/","title":{"rendered":"Moda i stil kroz istoriju"},"content":{"rendered":"\n<p class=\"has-larger-font-size\"><strong>Rimska ku\u0107a &#8211; arhitektura<\/strong><\/p>\n\n\n\n<p class=\"has-black-color has-text-color has-regular-font-size\">Iz istorijske perspektive, rimska ku\u0107a (domus) je po svom karakteru bila najmanje \u201erimska\u201c jer je verovatno inspirisana starijim mediteranskim kulturama kao \u0161to su etrurska i gr\u010dka. Tipi\u010dna rimska ku\u0107a slu\u017eila je kao stan za rimsku familiju, za vi\u0161u srednju klasu.<\/p>\n\n\n\n<p class=\"has-black-color has-text-color has-regular-font-size\">Ovde \u0107emo prikazati video jedne rekontruisane rimske ku\u0107e.<\/p>\n\n\n\n<figure class=\"wp-block-embed is-type-video is-provider-youtube wp-block-embed-youtube wp-embed-aspect-4-3 wp-has-aspect-ratio\"><div class=\"wp-block-embed__wrapper\">\n<iframe loading=\"lazy\" title=\"Virtual Roman House\" width=\"525\" height=\"394\" src=\"https:\/\/www.youtube.com\/embed\/gDiqKUzSeZM?feature=oembed\" frameborder=\"0\" allow=\"accelerometer; autoplay; clipboard-write; encrypted-media; gyroscope; picture-in-picture; web-share\" referrerpolicy=\"strict-origin-when-cross-origin\" allowfullscreen><\/iframe>\n<\/div><\/figure>\n\n\n\n<p class=\"has-black-color has-text-color\"><\/p>\n\n\n\n<p class=\"has-black-color has-text-color has-larger-font-size\">Arhitektonski raspored rimske ku\u0107e<\/p>\n\n\n\n<p class=\"has-black-color has-text-color has-regular-font-size\">Video po\u010dinje  onim \u0161to je poznato kao <strong>atrium<\/strong>. Ova centralna sala bila je fokus \u010ditave ku\u0107e i pristupalo joj se iz prostorije <strong>fauces<\/strong> (uski prolaz koji je spojen sa ulicom). Dana\u0161nji, savremeni pandan atriuma je dnevna soba i bio je polu javna povr\u0161ina (pars urbana) koja se prvenstveno koristila za zabavu gostiju i zato je to bio obi\u010dno najdekorisaniji deo ku\u0107e. Animacija prikazuje otvor na plafonu, koji se zove <strong>compluvium<\/strong>. Koristi se prvenstveno za ventilaciju ali je tako\u0111e omogu\u0107avao ulazak ki\u0161nice, koja se zatim sakupljala u \u0161upljinu na podu poznatu kao <strong>impluvium<\/strong>, i koja se zatim prosle\u0111ivala u podzemne cisterne i slu\u017eila je za upotrebu u doma\u0107instvu.<\/p>\n\n\n\n<p class=\"has-black-color has-text-color has-regular-font-size\">Video nastavlja da prikazuje sobe koje su povezane sa ovim centralnim hodnikom u atrijumu. Ve\u0107ina ovih zatvorenih prostora sastojala se od <strong>kubikula<\/strong>, koje su u osnovi bile spava\u0107e sobe ku\u0107e (nekoliko se tako\u0111e nalazilo na gornjem spratu); <strong>lararijuma<\/strong> (svetili\u0161te za doma\u0107instvo sme\u0161teno u jednom uglu), prostorija za roblje\/sluge i toaleta u ku\u0107i. Ove prostorije su \u010desto bile okru\u017eene <strong>alama<\/strong> (bo\u010dnim prostorijama), koje su dalje vodile do <strong>triklinijuma<\/strong> (trpezarije) na uglu atrijuma. Rimljani su trpezariju smatrali privilegovanim mestom. Triclinium sam po sebi otprilike se prevodi kao \u201emesto za tri kau\u010da\u201c jer su gosti, koji su ovde u\u017eivali uz rasko\u0161ne ve\u010dere, jeli i pili le\u017ee\u0107i sa strane na kau\u010dima koji su bili raspore\u0111eni u obliku slova U.<\/p>\n\n\n\n<p class=\"has-black-color has-text-color has-regular-font-size\">Poslednja prostorija atrijuma koja se na kraju povezivala sa <strong>peristilijumom<\/strong> (zadnjim dvori\u0161tem na otvorenom) obi\u010dno se sastojala od <strong>tablinuma<\/strong> ili \u201ekancelarije\u201c paterfamiliasa-mu\u0161ke glave doma\u0107instva. Video prikazuje ovaj odeljak kao zvani\u010dnu prostornu zonu sa niskim stolom u kome su sme\u0161teni svi va\u017eni dokumenti i ovde su se sklapali poslovi. Interesantna je \u010dinjenica da, ako pogledamo izbliza, izgleda da atrium rimskog domusa nije imao prozorske otvore koji su gledali na ulicu. To je verovatno bilo zato \u0161to je bezbednost i dalje bila primarna briga dobrostoje\u0107ih gra\u0111ana starog Rima.<\/p>\n\n\n\n<p class=\"has-black-color has-text-color has-regular-font-size\">Kao \u0161to smo ranije spomenuli, peristilijum je bio dvori\u0161te iza atrijuma i obi\u010dno je bio oivi\u010den stubovima, ponekda sa fontanom. Uglavnom je kori\u0161\u0107en kao zona za igru dece, za \u0161etnju gostiju. U nekim slu\u010dajevima, ovo dvori\u0161te sa kolonadom na otvorenom okru\u017eeno je kubikulama (spava\u0107im sobama) i triklinijumom-pomenutom trpezarijom iz koje su gosti mogli ugodno da u\u017eivaju u pogledu na ba\u0161tu tokom gozbe.<\/p>\n\n\n\n<p class=\"has-black-color has-text-color has-regular-font-size\">Peristilijum je tako\u0111e bio povezan sa <strong>kulinom<\/strong> (kuhinjom) i drugim skladi\u0161tima. I na kraju, ovo dvori\u0161te je sa zadnje strane okru\u017eeno neobi\u010dnim delom koji je poznat kao <strong>ekedra<\/strong>. Ekedra je u osnovi bila velika i \u010desto ukra\u0161ena prostorija sa podovima od mozaika i bila je ukra\u0161en zidnim slikama. Neke rimske ku\u0107e su imale hortus (ba\u0161tu u pravom smislu re\u010di) koja je bila sme\u0161tena u zadnjem delu placa.<\/p>\n\n\n\n<p><\/p>\n\n\n\n<p>Izvor: Realm of history<a href=\"http:\/\/www.realmofhistory.com\/2020\/04\/08\/3d-animations-layout-roman-domus-house\/\">http:\/\/www.realmofhistory.com\/2020\/04\/08\/3d-animations-layout-roman-domus-house\/<\/a><\/p>\n","protected":false},"excerpt":{"rendered":"<p>Rimska ku\u0107a &#8211; arhitektura Iz istorijske perspektive, rimska ku\u0107a (domus) je po svom karakteru bila najmanje \u201erimska\u201c jer je verovatno inspirisana starijim mediteranskim kulturama kao&hellip;<\/p>\n","protected":false},"author":1,"featured_media":0,"parent":0,"menu_order":0,"comment_status":"closed","ping_status":"closed","template":"","meta":{"footnotes":""},"class_list":["post-330","page","type-page","status-publish","hentry"],"_links":{"self":[{"href":"https:\/\/istorijaitakoto.com\/wordpress\/index.php\/wp-json\/wp\/v2\/pages\/330","targetHints":{"allow":["GET"]}}],"collection":[{"href":"https:\/\/istorijaitakoto.com\/wordpress\/index.php\/wp-json\/wp\/v2\/pages"}],"about":[{"href":"https:\/\/istorijaitakoto.com\/wordpress\/index.php\/wp-json\/wp\/v2\/types\/page"}],"author":[{"embeddable":true,"href":"https:\/\/istorijaitakoto.com\/wordpress\/index.php\/wp-json\/wp\/v2\/users\/1"}],"replies":[{"embeddable":true,"href":"https:\/\/istorijaitakoto.com\/wordpress\/index.php\/wp-json\/wp\/v2\/comments?post=330"}],"version-history":[{"count":6,"href":"https:\/\/istorijaitakoto.com\/wordpress\/index.php\/wp-json\/wp\/v2\/pages\/330\/revisions"}],"predecessor-version":[{"id":491,"href":"https:\/\/istorijaitakoto.com\/wordpress\/index.php\/wp-json\/wp\/v2\/pages\/330\/revisions\/491"}],"wp:attachment":[{"href":"https:\/\/istorijaitakoto.com\/wordpress\/index.php\/wp-json\/wp\/v2\/media?parent=330"}],"curies":[{"name":"wp","href":"https:\/\/api.w.org\/{rel}","templated":true}]}}