{"id":226,"date":"2021-04-20T13:15:05","date_gmt":"2021-04-20T11:15:05","guid":{"rendered":"http:\/\/olja.4net.rs\/wordpress\/?page_id=226"},"modified":"2021-09-05T09:26:15","modified_gmt":"2021-09-05T07:26:15","slug":"latisnki-citati","status":"publish","type":"page","link":"https:\/\/istorijaitakoto.com\/wordpress\/index.php\/latisnki-citati\/","title":{"rendered":"Latisnki citati"},"content":{"rendered":"\n<p class=\"has-black-color has-text-color\" style=\"font-size:17px\">Da li ste u srednjoj \u0161koli, fakultetu imali latinski ili starogr\u010dki jezik, a zatim ga vi\u0161e nikada niste koristili? Da, ja tako\u0111e! Postoji izvesan broj fraza koje su mi ostale u se\u0107anju i ovo mesto \u0107e biti posve\u0107eno upravo, njima! <\/p>\n\n\n\n<div class=\"wp-block-media-text alignfull is-stacked-on-mobile is-vertically-aligned-bottom\" style=\"grid-template-columns:44% auto\"><figure class=\"wp-block-media-text__media\"><img loading=\"lazy\" decoding=\"async\" width=\"1024\" height=\"647\" src=\"https:\/\/istorijaitakoto.com\/wordpress\/wp-content\/uploads\/2021\/04\/Skulptura-antika-1024x647.jpg\" alt=\"\" class=\"wp-image-416 size-full\" srcset=\"https:\/\/istorijaitakoto.com\/wordpress\/wp-content\/uploads\/2021\/04\/Skulptura-antika-1024x647.jpg 1024w, https:\/\/istorijaitakoto.com\/wordpress\/wp-content\/uploads\/2021\/04\/Skulptura-antika-300x190.jpg 300w, https:\/\/istorijaitakoto.com\/wordpress\/wp-content\/uploads\/2021\/04\/Skulptura-antika-768x485.jpg 768w, https:\/\/istorijaitakoto.com\/wordpress\/wp-content\/uploads\/2021\/04\/Skulptura-antika.jpg 1200w\" sizes=\"auto, (max-width: 1024px) 100vw, 1024px\" \/><\/figure><div class=\"wp-block-media-text__content\">\n<p class=\"has-large-font-size\"><\/p>\n\n\n\n<blockquote class=\"wp-block-quote is-style-large is-layout-flow wp-block-quote-is-layout-flow\"><p>Hisotria magitra vitae est<\/p><\/blockquote>\n\n\n\n<p class=\"has-black-color has-text-color has-regular-font-size\">Istorija je u\u010diteljica \u017eivota. Ova izreka vodi poreklo od Marka Tulija Cicerona, velikog govornika, politi\u010dara i mislioca. Cela misao glasi: Historia est testis temporum, lux veritatis, vita memoriae, magistra vitae, nuntia vetustatis. U prevodu: Istorija je svedok vremena, svetlost istine, \u017eivot pam\u0107enja, u\u010diteljica \u017eivota i vesnica starine.<\/p>\n\n\n\n<p><\/p>\n\n\n\n<p class=\"has-small-font-size\">fotografija: gr\u010dka statua<a href=\"https:\/\/pixabay.com\/photos\/sculpture-greek-statue-figure-art-1111260\/\">https:\/\/pixabay.com\/photos\/sculpture-greek-statue-figure-art-1111260\/<\/a><\/p>\n<\/div><\/div>\n\n\n\n<p><\/p>\n\n\n\n<p><\/p>\n\n\n\n<p><\/p>\n\n\n\n<p><\/p>\n\n\n\n<p><\/p>\n\n\n\n<blockquote class=\"wp-block-quote is-style-large is-layout-flow wp-block-quote-is-layout-flow\"><p>Dum spiro spero<\/p><\/blockquote>\n\n\n\n<p class=\"has-black-color has-text-color\">Ne se\u0107am se kada sam je pro\u010ditala ali je postala na\u010din mog \u017eivljenja. Zna\u010di: Dok \u017eivim, nadam se. Za mene ona zna\u010di da nikada ne gubim veru i nadu u bolju budu\u0107nost. Nikada ne gubim \u017eelju za postizanje svojih ciljeva!<\/p>\n\n\n\n<blockquote class=\"wp-block-quote is-style-large is-layout-flow wp-block-quote-is-layout-flow\"><p>Veni, vidi, vici<\/p><\/blockquote>\n\n\n\n<p class=\"has-black-color has-text-color\">Sigurna sam da ste ovo ve\u0107 \u010duli: Do\u0111oh, videh, pobedih! \u010cuvena izreka Julja Cezara nakon pobede nad pondskim kraljem Farnakom II u bici kod Zele. To je bila neka vrsta njegove poruke, izve\u0161taja senatu o de\u0161avanjima kod Zele. Danas se koristi kada se \u017eeli re\u0107i da je ne\u0161to uradjeno bez velikih pote\u0161ko\u0107a.<\/p>\n\n\n\n<blockquote class=\"wp-block-quote is-style-large is-layout-flow wp-block-quote-is-layout-flow\"><p>Amor vincit omnia<\/p><\/blockquote>\n\n\n\n<p class=\"has-black-color has-text-color\">Rimski pesnik Virgilije je napisao: Ljubav sve pobe\u0111uje! Danas, najpoznatija romanti\u010dna sentenca.<\/p>\n\n\n\n<blockquote class=\"wp-block-quote is-style-large is-layout-flow wp-block-quote-is-layout-flow\"><p>Alea iacta est!<\/p><\/blockquote>\n\n\n\n<p class=\"has-black-color has-text-color\">Kocka je ba\u010dena! Tom izjavom je Julije Cezar doneo odluku 10. januara 49. g.p.n.e. , uprkos zabrani senata, a po cenu gra\u0111anskog rata, da pre\u0111e reku Rubikon. Danas je koristimo kada donesemo neku va\u017enu odluku.<\/p>\n\n\n\n<blockquote class=\"wp-block-quote is-style-large is-layout-flow wp-block-quote-is-layout-flow\"><p>Oderint dum metuant<\/p><\/blockquote>\n\n\n\n<p class=\"has-black-color has-text-color\">Neka me mrze, samo neka se pla\u0161e! bila je Kaligulina izreka. Mnogo pre Makijavilija, Kaligula je znao odakle dolazi mo\u0107.<\/p>\n\n\n\n<blockquote class=\"wp-block-quote is-style-large is-layout-flow wp-block-quote-is-layout-flow\"><p>Audentes fortuna iuvat<\/p><\/blockquote>\n\n\n\n<p class=\"has-black-color has-text-color\">Vergijlije je znao da i Fortuna vodi hrabre. Setite se toga kada se nadjete pred nekim izazovom.<\/p>\n\n\n\n<blockquote class=\"wp-block-quote is-style-large is-layout-flow wp-block-quote-is-layout-flow\"><p>Cogito ergo sum<\/p><\/blockquote>\n\n\n\n<p class=\"has-black-color has-text-color\">Mislim, dakle postojim. Izreka je poznatog filozofa Rene Dekarta.<\/p>\n\n\n\n<blockquote class=\"wp-block-quote is-style-large is-layout-flow wp-block-quote-is-layout-flow\"><p>Mea mihi concientia pluris est quam omnium sermo<\/p><\/blockquote>\n\n\n\n<p class=\"has-black-color has-text-color\">Vi\u0161e mi zna\u010di moja savest nego govor svih, reko je Ciceron. Budi ono \u0161to jesi a ne ono \u0161to drugi o\u010dekuju od tebe da bude\u0161!<\/p>\n\n\n\n<blockquote class=\"wp-block-quote is-style-large is-layout-flow wp-block-quote-is-layout-flow\"><p>Tempus fugit!<\/p><\/blockquote>\n\n\n\n<p class=\"has-black-color has-text-color\">Vreme leti! <\/p>\n\n\n\n<blockquote class=\"wp-block-quote is-style-large is-layout-flow wp-block-quote-is-layout-flow\"><p>Timendi causa est nescire<\/p><\/blockquote>\n\n\n\n<p class=\"has-black-color has-text-color\">Neznanje je uzrok straha, rekao je Seneka.<\/p>\n\n\n\n<blockquote class=\"wp-block-quote is-style-large is-layout-flow wp-block-quote-is-layout-flow\"><p>Si vis amari, amava<\/p><\/blockquote>\n\n\n\n<p class=\"has-black-color has-text-color\">Ako \u017eeli\u0161 da bude\u0161 voljen, voli! Za sve one koji se pla\u0161e da se prepuste emocijama.<\/p>\n\n\n\n<blockquote class=\"wp-block-quote is-style-large is-layout-flow wp-block-quote-is-layout-flow\"><p>Vestis virum reddit!<\/p><\/blockquote>\n\n\n\n<p class=\"has-black-color has-text-color\">Odelo \u010dini \u010doveka! Tako misli Kvintilijan, poznati rimski govornik iz I veka p.n.e.<\/p>\n\n\n\n<blockquote class=\"wp-block-quote is-style-large is-layout-flow wp-block-quote-is-layout-flow\"><p>Odi et amo<\/p><\/blockquote>\n\n\n\n<p class=\"has-black-color has-text-color\">Volim i mrzim! Kratka poema ili epigraf rimskog pesnika Katulusa o sukobljenim ose\u0107anjima prema voljenoj Lesbiji. On nema odgovor za\u0161to je to tako ali je svestan da je takvo ose\u0107anje uzrok mnogih patnji.<\/p>\n\n\n\n<blockquote class=\"wp-block-quote is-style-large is-layout-flow wp-block-quote-is-layout-flow\"><p>Aut viam inveniam aut faciam<\/p><\/blockquote>\n\n\n\n<p class=\"has-black-color has-text-color\">Na\u0107i \u0107u put ili \u0107u ga napraviti,  je \u010duvena izreka koja se pripisuje Hanibalu kada su mu generali rekli da je nemogu\u0107e pre\u0107i slonovima Alpe. Probajte da ponavljate ovu izreku svaki put kada vam neko ka\u017ee da ne\u0161to ne mo\u017eete da uradite!<\/p>\n\n\n\n<blockquote class=\"wp-block-quote is-style-large is-layout-flow wp-block-quote-is-layout-flow\"><p>Amicitae nostrae memoriam spero sempiternam fore<\/p><\/blockquote>\n\n\n\n<p class=\"has-black-color has-text-color\">Nadam se da \u0107e se\u0107anje na na\u0161e prijateljstvo biti ve\u010dno! Ciceron<\/p>\n\n\n\n<blockquote class=\"wp-block-quote is-style-large is-layout-flow wp-block-quote-is-layout-flow\"><p>Divide et impera<\/p><\/blockquote>\n\n\n\n<p class=\"has-black-color has-text-color\">Zavadi pa vladaj, rekao je Cezar. Od njegovog vremna ona je postala maksima politike u nauci o vladanju. Ona predstavlja kombinaciju raznih strategija koje omogu\u0107avaju odr\u017eavanje mo\u0107i razjedinjavanjem protivnika koji tada ne mogu da pru\u017ee otpor.<\/p>\n\n\n\n<blockquote class=\"wp-block-quote is-style-large is-layout-flow wp-block-quote-is-layout-flow\"><p>Acta non verba<\/p><\/blockquote>\n\n\n\n<p class=\"has-black-color has-text-color\">Dela, a ne re\u010di! Ovaj izraz je jedinstven da jasno stavite do znanja da ne trpite ljubazno one \u010dije se pona\u0161anje ne podudara sa izgovorenim re\u010dima.<\/p>\n\n\n\n<p><\/p>\n\n\n\n<div class=\"wp-block-group\"><div class=\"wp-block-group__inner-container is-layout-flow wp-block-group-is-layout-flow\">\n<div class=\"wp-block-cover alignleft has-background-dim\" style=\"min-height:647px;aspect-ratio:unset;\"><img loading=\"lazy\" decoding=\"async\" width=\"1024\" height=\"684\" class=\"wp-block-cover__image-background wp-image-338\" alt=\"\" src=\"https:\/\/istorijaitakoto.com\/wordpress\/wp-content\/uploads\/2021\/04\/Vintage-knjige-i-cvece-1024x684.jpg\" data-object-fit=\"cover\" srcset=\"https:\/\/istorijaitakoto.com\/wordpress\/wp-content\/uploads\/2021\/04\/Vintage-knjige-i-cvece-1024x684.jpg 1024w, https:\/\/istorijaitakoto.com\/wordpress\/wp-content\/uploads\/2021\/04\/Vintage-knjige-i-cvece-300x200.jpg 300w, https:\/\/istorijaitakoto.com\/wordpress\/wp-content\/uploads\/2021\/04\/Vintage-knjige-i-cvece-768x513.jpg 768w, https:\/\/istorijaitakoto.com\/wordpress\/wp-content\/uploads\/2021\/04\/Vintage-knjige-i-cvece.jpg 1200w\" sizes=\"auto, (max-width: 1024px) 100vw, 1024px\" \/><div class=\"wp-block-cover__inner-container is-layout-flow wp-block-cover-is-layout-flow\">\n<p class=\"has-larger-font-size\">SAPERE AUDE!<\/p>\n\n\n\n<p>Popularni latinski moto velikog lirskog pesnika Horacija, koji zna\u010di: Usudi se da bude\u0161 mudar! Mnogo godina kasnije je sli\u010dno rekao i nema\u010dki filozof Emanuel Kant: Imaj hrabrosti da se poslu\u017ei\u0161 sopstvenim razumom. Danas bi ovaj moto mogao biti svojevrstan podsetnik da ne prestajemo da u\u010dimo bez obzira na godine.<\/p>\n<\/div><\/div>\n<\/div><\/div>\n\n\n\n<div class=\"wp-block-group\"><div class=\"wp-block-group__inner-container is-layout-flow wp-block-group-is-layout-flow\">\n<div class=\"wp-block-columns is-layout-flex wp-container-core-columns-is-layout-9d6595d7 wp-block-columns-is-layout-flex\">\n<div class=\"wp-block-column is-vertically-aligned-top is-layout-flow wp-block-column-is-layout-flow\" style=\"flex-basis:100%\">\n<div class=\"wp-block-group\"><div class=\"wp-block-group__inner-container is-layout-flow wp-block-group-is-layout-flow\">\n<div class=\"wp-block-cover has-background-dim\" style=\"min-height:643px;aspect-ratio:unset;\"><img loading=\"lazy\" decoding=\"async\" width=\"640\" height=\"425\" class=\"wp-block-cover__image-background wp-image-347\" alt=\"\" src=\"https:\/\/istorijaitakoto.com\/wordpress\/wp-content\/uploads\/2021\/04\/Nebo-zvezde.jpg\" data-object-fit=\"cover\" srcset=\"https:\/\/istorijaitakoto.com\/wordpress\/wp-content\/uploads\/2021\/04\/Nebo-zvezde.jpg 640w, https:\/\/istorijaitakoto.com\/wordpress\/wp-content\/uploads\/2021\/04\/Nebo-zvezde-300x199.jpg 300w\" sizes=\"auto, (max-width: 640px) 100vw, 640px\" \/><div class=\"wp-block-cover__inner-container is-layout-flow wp-block-cover-is-layout-flow\">\n<p style=\"font-size:30px\">PER ASPERA AD ASTRA<\/p>\n\n\n\n<p class=\"has-text-align-left\">Preko trnja do zvezda!<\/p>\n<\/div><\/div>\n<\/div><\/div>\n\n\n\n<p><\/p>\n<\/div>\n<\/div>\n\n\n\n<p><\/p>\n<\/div><\/div>\n\n\n\n<blockquote class=\"wp-block-quote is-style-large is-layout-flow wp-block-quote-is-layout-flow\"><p>Ad meliora<\/p><\/blockquote>\n\n\n\n<p><\/p>\n\n\n\n<p class=\"has-black-color has-text-color\">Dana\u0161nji dan ne ide onako kakao \u017eelite, ali uvek mo\u017eete podi\u0107i raspolo\u017eenje izgovaraju\u0107i Ad meliora! tj. U susret boljim stvarima!<\/p>\n\n\n\n<blockquote class=\"wp-block-quote is-style-large is-layout-flow wp-block-quote-is-layout-flow\"><p>Ars longa, vita brevis!<\/p><\/blockquote>\n\n\n\n<p class=\"has-black-color has-text-color\">Razlog zbog kojeg se i dalje divimo slikama i skulpturama davno umrlih majstora  staje u ovu latinsku frazu i najbolje je rezimira: Umetnsot je duga, \u017eivot je kratak!<\/p>\n\n\n\n<blockquote class=\"wp-block-quote is-style-large is-layout-flow wp-block-quote-is-layout-flow\"><p>Ubi amor, ibi dolor<\/p><\/blockquote>\n\n\n\n<p class=\"has-black-color has-text-color\">Gde je ljubav, tu je i bol. Ako ste ikada bili zaljubljeni, ve\u0107 znate da je to istina.<\/p>\n\n\n\n<blockquote class=\"wp-block-quote is-style-large is-layout-flow wp-block-quote-is-layout-flow\"><p>Dulce periculum<\/p><\/blockquote>\n\n\n\n<p class=\"has-black-color has-text-color\">Da li volite \u017eivot na ivici? Tada bi Dulce periculum bio va\u0161 omiljeni moto. To zna\u010di Opasnost je slatka!<\/p>\n\n\n\n<blockquote class=\"wp-block-quote is-style-large is-layout-flow wp-block-quote-is-layout-flow\"><p>Nullum magnum ingenium sine mixture dementia fuit.<\/p><\/blockquote>\n\n\n\n<p class=\"has-black-color has-text-color\">Mnoge sjajne ideje ili naizgled nemogu\u0107e inovacije, u po\u010detku su ismejali oni koji ih nisu razumeli. Ako se i vama to desi, podsetite klevetnike na ovu izreku: Nije bilo velike mudrosti bez elemenata ludila.<\/p>\n\n\n\n<blockquote class=\"wp-block-quote is-style-large is-layout-flow wp-block-quote-is-layout-flow\"><p>Non ducor, duco!<\/p><\/blockquote>\n\n\n\n<p class=\"has-black-color has-text-color\">Ja nisam vo\u0111en! Ja vodim! Ova fraza je mo\u0107an na\u010din da drugima stavite do znanja da se sa vama ne hvataju u ko\u0161tac!<\/p>\n\n\n\n<blockquote class=\"wp-block-quote is-style-large is-layout-flow wp-block-quote-is-layout-flow\"><p>Sola pecunia regnat<\/p><\/blockquote>\n\n\n\n<p class=\"has-black-color has-text-color\">Samo novac vlada.<\/p>\n\n\n\n<blockquote class=\"wp-block-quote is-style-large is-layout-flow wp-block-quote-is-layout-flow\"><p>Lupus in fabula<\/p><\/blockquote>\n\n\n\n<p class=\"has-black-color has-text-color\">Mi o vuku, a vuk na vrata!<\/p>\n\n\n\n<blockquote class=\"wp-block-quote is-style-large is-layout-flow wp-block-quote-is-layout-flow\"><p>Homo homini lupus est<\/p><\/blockquote>\n\n\n\n<p class=\"has-black-color has-text-color\">\u010covek je \u010doveku vuk. Ova izreka se prvu put javlja 195. godine p.n.e. u komediji rimskog komediografa Plauta gde zna\u010di da se ljudi me\u0111usobno ophode kao oprezne zveri samo dok se bolje ne upoznaju i ne osete sigurnijima, posle \u010dega odnos mo\u017ee biti sasvim druga\u010diji. Dana\u0161nje zna\u010denje, izreka je dobila u XVII veku u delu Tomasa Hobsa &#8220;O gra\u0111aninu&#8221; gde on smatra da je \u010dovekova priroda egoisti\u010dna i agresivna i da se obuzdava postojanjem organizovane dr\u017eave.<\/p>\n\n\n\n<div class=\"wp-block-group\"><div class=\"wp-block-group__inner-container is-layout-flow wp-block-group-is-layout-flow\">\n<figure class=\"wp-block-image size-large is-style-default\"><img loading=\"lazy\" decoding=\"async\" width=\"645\" height=\"1024\" src=\"https:\/\/istorijaitakoto.com\/wordpress\/wp-content\/uploads\/2021\/04\/Ciceron-645x1024.jpg\" alt=\"\" class=\"wp-image-368\" srcset=\"https:\/\/istorijaitakoto.com\/wordpress\/wp-content\/uploads\/2021\/04\/Ciceron-645x1024.jpg 645w, https:\/\/istorijaitakoto.com\/wordpress\/wp-content\/uploads\/2021\/04\/Ciceron-189x300.jpg 189w, https:\/\/istorijaitakoto.com\/wordpress\/wp-content\/uploads\/2021\/04\/Ciceron-768x1220.jpg 768w, https:\/\/istorijaitakoto.com\/wordpress\/wp-content\/uploads\/2021\/04\/Ciceron-967x1536.jpg 967w, https:\/\/istorijaitakoto.com\/wordpress\/wp-content\/uploads\/2021\/04\/Ciceron.jpg 1200w\" sizes=\"auto, (max-width: 645px) 100vw, 645px\" \/><figcaption>Statua Cicerona <a href=\"https:\/\/pixabay.com\/photos\/italy-rome-court-cicero-statue-2510287\/\">https:\/\/pixabay.com\/photos\/italy-rome-court-cicero-statue-2510287\/<\/a><br><\/figcaption><\/figure>\n\n\n\n<p class=\"has-black-color has-text-color\">Kakva vremena, kakvi obi\u010daji! Ovaj govorni obrt se koristi kao izraz ogor\u010denja, ponekad i sa ironi\u010dnim osvrtom kada se \u017eeli re\u0107i da su pro\u0161li obi\u010daji i pro\u0161la vremena bili bolji.<\/p>\n\n\n\n<blockquote class=\"wp-block-quote is-style-large is-layout-flow wp-block-quote-is-layout-flow\"><p>Mens sana in corpora sano<\/p><\/blockquote>\n\n\n\n<p class=\"has-black-color has-text-color\">U zdravom telu, zdrav duh!<\/p>\n\n\n\n<figure class=\"wp-block-gallery columns-1 is-cropped wp-block-gallery-1 is-layout-flex wp-block-gallery-is-layout-flex\"><ul class=\"blocks-gallery-grid\"><li class=\"blocks-gallery-item\"><figure><img loading=\"lazy\" decoding=\"async\" width=\"421\" height=\"630\" src=\"https:\/\/istorijaitakoto.com\/wordpress\/wp-content\/uploads\/2021\/04\/Slikarske-cetkice-3.jpg\" alt=\"\" data-id=\"390\" data-full-url=\"https:\/\/istorijaitakoto.com\/wordpress\/wp-content\/uploads\/2021\/04\/Slikarske-cetkice-3.jpg\" data-link=\"https:\/\/istorijaitakoto.com\/wordpress\/index.php\/latisnki-citati\/slikarske-cetkice-3\/\" class=\"wp-image-390\" srcset=\"https:\/\/istorijaitakoto.com\/wordpress\/wp-content\/uploads\/2021\/04\/Slikarske-cetkice-3.jpg 421w, https:\/\/istorijaitakoto.com\/wordpress\/wp-content\/uploads\/2021\/04\/Slikarske-cetkice-3-200x300.jpg 200w\" sizes=\"auto, (max-width: 421px) 100vw, 421px\" \/><figcaption class=\"blocks-gallery-item__caption\">Slikarske \u010detkice<a href=\"s:\/\/unsplash.com\/photos\/s6U7Gq93UU8\">s:\/\/unsplash.com\/photos\/s6U7Gq93UU8<\/a><\/figcaption><\/figure><\/li><\/ul><\/figure>\n\n\n\n<blockquote class=\"wp-block-quote is-style-large is-layout-flow wp-block-quote-is-layout-flow\"><p>Rara avis<\/p><\/blockquote>\n\n\n\n<p class=\"has-black-color has-text-color\">Retka ptica. Ka\u017eemo za osobu sa retkim sposobnostima, talentom ili druga\u010dijim na\u010dinom razmi\u0161ljanja.<\/p>\n<\/div><\/div>\n\n\n\n<blockquote class=\"wp-block-quote is-style-large is-layout-flow wp-block-quote-is-layout-flow\"><p>Tabula rasa<\/p><\/blockquote>\n\n\n\n<p class=\"has-black-color has-text-color\">Neispisana tabla, \u010dovek bez znanja i obrazovanja. Rimljani su pisali na vo\u0161tanim plo\u010dama a tabula rasa je bio naziv za takve plo\u010de na kojima jo\u0161 ni\u0161ta nije ispisano. Ovaj izraz je korsitio Aristotel u delu &#8220;O du\u0161i&#8221;  gde obja\u0161njava da se \u010dovek ra\u0111a prazan, \u010dist i da sve \u0161to poseduje sti\u010de vaspitanjem, obrazovanjem i iskustvom.<\/p>\n\n\n\n<div class=\"wp-block-media-text alignwide has-media-on-the-right is-stacked-on-mobile\"><figure class=\"wp-block-media-text__media\"><a href=\"https:\/\/istorijaitakoto.com\/wordpress\/wp-content\/uploads\/2021\/04\/Devojka-sa-knjigama-na-stepenicama.jpg\"><img loading=\"lazy\" decoding=\"async\" width=\"682\" height=\"1024\" src=\"https:\/\/istorijaitakoto.com\/wordpress\/wp-content\/uploads\/2021\/04\/Devojka-sa-knjigama-na-stepenicama-682x1024.jpg\" alt=\"\" class=\"wp-image-399 size-full\" srcset=\"https:\/\/istorijaitakoto.com\/wordpress\/wp-content\/uploads\/2021\/04\/Devojka-sa-knjigama-na-stepenicama-682x1024.jpg 682w, https:\/\/istorijaitakoto.com\/wordpress\/wp-content\/uploads\/2021\/04\/Devojka-sa-knjigama-na-stepenicama-200x300.jpg 200w, https:\/\/istorijaitakoto.com\/wordpress\/wp-content\/uploads\/2021\/04\/Devojka-sa-knjigama-na-stepenicama-768x1153.jpg 768w, https:\/\/istorijaitakoto.com\/wordpress\/wp-content\/uploads\/2021\/04\/Devojka-sa-knjigama-na-stepenicama-1023x1536.jpg 1023w, https:\/\/istorijaitakoto.com\/wordpress\/wp-content\/uploads\/2021\/04\/Devojka-sa-knjigama-na-stepenicama.jpg 1200w\" sizes=\"auto, (max-width: 682px) 100vw, 682px\" \/><\/a><\/figure><div class=\"wp-block-media-text__content\">\n<blockquote class=\"wp-block-quote is-style-large is-layout-flow wp-block-quote-is-layout-flow\"><p>Non scholae sed vitae discimus<\/p><\/blockquote>\n\n\n\n<p class=\"has-black-color has-text-color\">Ne u\u010dimo za \u0161kolu, ve\u0107 za \u017eivot, rekao je Seneka.<\/p>\n\n\n\n<p><\/p>\n\n\n\n<p><\/p>\n\n\n\n<p><\/p>\n\n\n\n<p><\/p>\n\n\n\n<p><\/p>\n\n\n\n<p style=\"font-size:11px\">Libreria Acqua Alta, a bookstore in Venice that contains a set of steps made entirely out of books<a href=\"https:\/\/unsplash.com\/s\/photos\/books-girl-stairs\">https:\/\/unsplash.com\/s\/photos\/books-girl-stairs<\/a><\/p>\n<\/div><\/div>\n\n\n\n<p><\/p>\n\n\n\n<figure class=\"wp-block-image alignwide size-large is-style-default\"><img loading=\"lazy\" decoding=\"async\" width=\"1024\" height=\"746\" src=\"https:\/\/istorijaitakoto.com\/wordpress\/wp-content\/uploads\/2021\/04\/Pisaci-sto-sveska-olovka-sat-1024x746.jpg\" alt=\"\" class=\"wp-image-407\" srcset=\"https:\/\/istorijaitakoto.com\/wordpress\/wp-content\/uploads\/2021\/04\/Pisaci-sto-sveska-olovka-sat-1024x746.jpg 1024w, https:\/\/istorijaitakoto.com\/wordpress\/wp-content\/uploads\/2021\/04\/Pisaci-sto-sveska-olovka-sat-300x219.jpg 300w, https:\/\/istorijaitakoto.com\/wordpress\/wp-content\/uploads\/2021\/04\/Pisaci-sto-sveska-olovka-sat-768x559.jpg 768w, https:\/\/istorijaitakoto.com\/wordpress\/wp-content\/uploads\/2021\/04\/Pisaci-sto-sveska-olovka-sat.jpg 1200w\" sizes=\"auto, (max-width: 1024px) 100vw, 1024px\" \/><figcaption>https:\/\/pixabay.com<br><a href=\"https:\/\/pixabay.com\/photos\/school-work-write-still-life-851328\/\" data-type=\"URL\" data-id=\"https:\/\/pixabay.com\/photos\/school-work-write-still-life-851328\/\">https:\/\/pixabay.com\/photos\/school-work-write-still-life-851328\/<\/a><\/figcaption><\/figure>\n\n\n\n<blockquote class=\"wp-block-quote is-style-large is-layout-flow wp-block-quote-is-layout-flow\"><p>Nulle dias sin linea<\/p><\/blockquote>\n\n\n\n<p class=\"has-black-color has-text-color\">Ni jedan dan bez linije! Zaista je izgubljen dan bez \u010ditanja, pisanja&#8230;<\/p>\n\n\n\n<blockquote class=\"wp-block-quote is-style-large is-layout-flow wp-block-quote-is-layout-flow\"><p>Sapienti sat!<\/p><\/blockquote>\n\n\n\n<p class=\"has-black-color has-text-color\">Pametnom dosta. Izreka kojom se \u017eeli re\u0107i da je o nekoj stvari re\u010deno sve \u0161to treba i ko je dovoljno mudar, shvati\u0107e pravi smisao. <\/p>\n","protected":false},"excerpt":{"rendered":"<p>Da li ste u srednjoj \u0161koli, fakultetu imali latinski ili starogr\u010dki jezik, a zatim ga vi\u0161e nikada niste koristili? Da, ja tako\u0111e! Postoji izvesan broj&hellip;<\/p>\n","protected":false},"author":1,"featured_media":0,"parent":0,"menu_order":0,"comment_status":"closed","ping_status":"closed","template":"","meta":{"footnotes":""},"class_list":["post-226","page","type-page","status-publish","hentry"],"_links":{"self":[{"href":"https:\/\/istorijaitakoto.com\/wordpress\/index.php\/wp-json\/wp\/v2\/pages\/226","targetHints":{"allow":["GET"]}}],"collection":[{"href":"https:\/\/istorijaitakoto.com\/wordpress\/index.php\/wp-json\/wp\/v2\/pages"}],"about":[{"href":"https:\/\/istorijaitakoto.com\/wordpress\/index.php\/wp-json\/wp\/v2\/types\/page"}],"author":[{"embeddable":true,"href":"https:\/\/istorijaitakoto.com\/wordpress\/index.php\/wp-json\/wp\/v2\/users\/1"}],"replies":[{"embeddable":true,"href":"https:\/\/istorijaitakoto.com\/wordpress\/index.php\/wp-json\/wp\/v2\/comments?post=226"}],"version-history":[{"count":63,"href":"https:\/\/istorijaitakoto.com\/wordpress\/index.php\/wp-json\/wp\/v2\/pages\/226\/revisions"}],"predecessor-version":[{"id":505,"href":"https:\/\/istorijaitakoto.com\/wordpress\/index.php\/wp-json\/wp\/v2\/pages\/226\/revisions\/505"}],"wp:attachment":[{"href":"https:\/\/istorijaitakoto.com\/wordpress\/index.php\/wp-json\/wp\/v2\/media?parent=226"}],"curies":[{"name":"wp","href":"https:\/\/api.w.org\/{rel}","templated":true}]}}