{"id":14,"date":"2021-03-18T20:28:29","date_gmt":"2021-03-18T20:28:29","guid":{"rendered":"http:\/\/olja.4net.rs\/wordpress\/?page_id=14"},"modified":"2021-09-05T09:32:18","modified_gmt":"2021-09-05T07:32:18","slug":"about","status":"publish","type":"page","link":"https:\/\/istorijaitakoto.com\/wordpress\/index.php\/about\/","title":{"rendered":"O meni"},"content":{"rendered":"\n<p class=\"has-black-color has-text-color has-regular-font-size\">Moje ime je Olja i ovde \u0107ete prona\u0107i &#8220;slike&#8221; iz pro\u0161losti!<\/p>\n\n\n\n\n\n<p class=\"has-black-color has-text-color has-regular-font-size\">Blog je posve\u0107en doga\u0111ajima koji imaju istorijsku podlogu. Nije hronolo\u0161ki ispri\u010dana lekcija istorije. Naprotiv! Tu se nalaze raznovrsne teme iz razli\u010ditih istorijskih perioda.<\/p>\n\n\n\n<p class=\"has-black-color has-text-color has-regular-font-size\">Neretko se u \u0161kolama u\u010de suvoparne \u010dinjenice koje stvaraju odbojnost. Istorija je pri\u010da i kao takva treba da bude prezentovana i zato \u0107e ovo mesto  biti poku\u0161aj da se pristupi temama koje se, obi\u010dno, ne obra\u0111uju u \u0161kolama, a koje su meni zanimljive. Poseban osvrt \u0107e biti na povezivanju istorije i umetnosti. <\/p>\n\n\n\n<p class=\"has-black-color has-text-color has-regular-font-size\">Blog je nastao iz moje ljubavi prema istoriji i \u017eelje da na jedno mesto smestim meni zanimljive fragmente istorije.<\/p>\n\n\n\n<div class=\"wp-block-group\"><div class=\"wp-block-group__inner-container is-layout-flow wp-block-group-is-layout-flow\"><\/div><\/div>\n\n\n\n<p><\/p>\n","protected":false},"excerpt":{"rendered":"<p>Moje ime je Olja i ovde \u0107ete prona\u0107i &#8220;slike&#8221; iz pro\u0161losti! Blog je posve\u0107en doga\u0111ajima koji imaju istorijsku podlogu. Nije hronolo\u0161ki ispri\u010dana lekcija istorije. Naprotiv!&hellip;<\/p>\n","protected":false},"author":1,"featured_media":0,"parent":0,"menu_order":0,"comment_status":"closed","ping_status":"closed","template":"","meta":{"footnotes":""},"class_list":["post-14","page","type-page","status-publish","hentry"],"_links":{"self":[{"href":"https:\/\/istorijaitakoto.com\/wordpress\/index.php\/wp-json\/wp\/v2\/pages\/14","targetHints":{"allow":["GET"]}}],"collection":[{"href":"https:\/\/istorijaitakoto.com\/wordpress\/index.php\/wp-json\/wp\/v2\/pages"}],"about":[{"href":"https:\/\/istorijaitakoto.com\/wordpress\/index.php\/wp-json\/wp\/v2\/types\/page"}],"author":[{"embeddable":true,"href":"https:\/\/istorijaitakoto.com\/wordpress\/index.php\/wp-json\/wp\/v2\/users\/1"}],"replies":[{"embeddable":true,"href":"https:\/\/istorijaitakoto.com\/wordpress\/index.php\/wp-json\/wp\/v2\/comments?post=14"}],"version-history":[{"count":10,"href":"https:\/\/istorijaitakoto.com\/wordpress\/index.php\/wp-json\/wp\/v2\/pages\/14\/revisions"}],"predecessor-version":[{"id":508,"href":"https:\/\/istorijaitakoto.com\/wordpress\/index.php\/wp-json\/wp\/v2\/pages\/14\/revisions\/508"}],"wp:attachment":[{"href":"https:\/\/istorijaitakoto.com\/wordpress\/index.php\/wp-json\/wp\/v2\/media?parent=14"}],"curies":[{"name":"wp","href":"https:\/\/api.w.org\/{rel}","templated":true}]}}